{"id":119,"date":"2021-02-22T10:59:29","date_gmt":"2021-02-22T09:59:29","guid":{"rendered":"http:\/\/etangducharme.com\/?page_id=119"},"modified":"2026-01-31T15:25:44","modified_gmt":"2026-01-31T14:25:44","slug":"119-2","status":"publish","type":"page","link":"http:\/\/etangducharme.com\/?page_id=119","title":{"rendered":"LA P\u00caCHE \u00c0 LA TRUITE"},"content":{"rendered":"\n<p><\/p>\n\n\n\n<h1><\/h1>\n\n\n\n<p class=\"has-medium-font-size\">P\u00eache \u00e0 la truite du <strong>28 f\u00e9vrier au 13 mars 2026<\/strong>.<\/p>\n\n\n\n<p>Le tarif pour la p\u00eache \u00e0 la truite est de 10\u20ac par p\u00eacheur, pour 2 cannes et pour 5 truites.<\/p>\n\n\n\n<p>Les truites sont g\u00e9n\u00e9ralement des portions de 250 \u00e0 300 grammes, mais comme chaque ann\u00e9e, nous mettons quelques truites allant jusqu\u2019\u00e0 plus d\u20191 kg !<\/p>\n","protected":false},"excerpt":{"rendered":"<p>P\u00eache \u00e0 la truite du 28 f\u00e9vrier au 13 mars 2026. Le tarif pour la p\u00eache \u00e0 la truite est de 10\u20ac par p\u00eacheur, pour 2 cannes et pour 5 truites. Les truites sont g\u00e9n\u00e9ralement des portions de 250 \u00e0 300 grammes, mais comme chaque ann\u00e9e, nous mettons quelques truites allant jusqu\u2019\u00e0 plus d\u20191 kg &hellip; <\/p>\n<p class=\"link-more\"><a href=\"http:\/\/etangducharme.com\/?page_id=119\" class=\"more-link\">Continuer la lecture<span class=\"screen-reader-text\"> de &laquo;&nbsp;LA P\u00caCHE \u00c0 LA TRUITE&nbsp;&raquo;<\/span><\/a><\/p>\n","protected":false},"author":1,"featured_media":0,"parent":0,"menu_order":0,"comment_status":"closed","ping_status":"closed","template":"","meta":[],"_links":{"self":[{"href":"http:\/\/etangducharme.com\/index.php?rest_route=\/wp\/v2\/pages\/119"}],"collection":[{"href":"http:\/\/etangducharme.com\/index.php?rest_route=\/wp\/v2\/pages"}],"about":[{"href":"http:\/\/etangducharme.com\/index.php?rest_route=\/wp\/v2\/types\/page"}],"author":[{"embeddable":true,"href":"http:\/\/etangducharme.com\/index.php?rest_route=\/wp\/v2\/users\/1"}],"replies":[{"embeddable":true,"href":"http:\/\/etangducharme.com\/index.php?rest_route=%2Fwp%2Fv2%2Fcomments&post=119"}],"version-history":[{"count":8,"href":"http:\/\/etangducharme.com\/index.php?rest_route=\/wp\/v2\/pages\/119\/revisions"}],"predecessor-version":[{"id":215,"href":"http:\/\/etangducharme.com\/index.php?rest_route=\/wp\/v2\/pages\/119\/revisions\/215"}],"wp:attachment":[{"href":"http:\/\/etangducharme.com\/index.php?rest_route=%2Fwp%2Fv2%2Fmedia&parent=119"}],"curies":[{"name":"wp","href":"https:\/\/api.w.org\/{rel}","templated":true}]}}