{"id":57,"date":"2022-02-09T14:46:39","date_gmt":"2022-02-09T13:46:39","guid":{"rendered":"http:\/\/etangducharme.com\/?page_id=57"},"modified":"2026-01-31T16:04:36","modified_gmt":"2026-01-31T15:04:36","slug":"peche-a-la-journee","status":"publish","type":"page","link":"http:\/\/etangducharme.com\/?page_id=57","title":{"rendered":"P\u00eache \u00e0 la journ\u00e9e"},"content":{"rendered":"<h1><strong>La p\u00eache \u00e0 la journ\u00e9e<\/strong><\/h1>\n<p>La p\u00eache \u00e0 la journ\u00e9e est ouverte \u00e0 partir du <strong>Samedi 14 Mars 2026<\/strong>, jusqu&rsquo;au <strong>30 septembre 2026<\/strong>.<\/p>\n<p>Le tarif est de 7 \u20ac par p\u00e9cheur et par jour, dans la limite de 3 cannes (+2,50\u20ac par canne suppl\u00e9mentaire).<\/p>\n<p>Dans ce cadre paisible et tranquille, vous pourrez avoir l&rsquo;occasion d&rsquo;y p\u00eacher Gardons, Tanches, Goujons, Black-Bass et Carpes.<\/p>\n","protected":false},"excerpt":{"rendered":"<p>La p\u00eache \u00e0 la journ\u00e9e La p\u00eache \u00e0 la journ\u00e9e est ouverte \u00e0 partir du Samedi 14 Mars 2026, jusqu&rsquo;au 30 septembre 2026. Le tarif est de 7 \u20ac par p\u00e9cheur et par jour, dans la limite de 3 cannes (+2,50\u20ac par canne suppl\u00e9mentaire). Dans ce cadre paisible et tranquille, vous pourrez avoir l&rsquo;occasion d&rsquo;y &hellip; <\/p>\n<p class=\"link-more\"><a href=\"http:\/\/etangducharme.com\/?page_id=57\" class=\"more-link\">Continuer la lecture<span class=\"screen-reader-text\"> de &laquo;&nbsp;P\u00eache \u00e0 la journ\u00e9e&nbsp;&raquo;<\/span><\/a><\/p>\n","protected":false},"author":1,"featured_media":0,"parent":0,"menu_order":0,"comment_status":"closed","ping_status":"closed","template":"","meta":[],"_links":{"self":[{"href":"http:\/\/etangducharme.com\/index.php?rest_route=\/wp\/v2\/pages\/57"}],"collection":[{"href":"http:\/\/etangducharme.com\/index.php?rest_route=\/wp\/v2\/pages"}],"about":[{"href":"http:\/\/etangducharme.com\/index.php?rest_route=\/wp\/v2\/types\/page"}],"author":[{"embeddable":true,"href":"http:\/\/etangducharme.com\/index.php?rest_route=\/wp\/v2\/users\/1"}],"replies":[{"embeddable":true,"href":"http:\/\/etangducharme.com\/index.php?rest_route=%2Fwp%2Fv2%2Fcomments&post=57"}],"version-history":[{"count":11,"href":"http:\/\/etangducharme.com\/index.php?rest_route=\/wp\/v2\/pages\/57\/revisions"}],"predecessor-version":[{"id":228,"href":"http:\/\/etangducharme.com\/index.php?rest_route=\/wp\/v2\/pages\/57\/revisions\/228"}],"wp:attachment":[{"href":"http:\/\/etangducharme.com\/index.php?rest_route=%2Fwp%2Fv2%2Fmedia&parent=57"}],"curies":[{"name":"wp","href":"https:\/\/api.w.org\/{rel}","templated":true}]}}