{"id":7,"date":"2022-02-09T14:33:01","date_gmt":"2022-02-09T13:33:01","guid":{"rendered":"http:\/\/etangducharme.com\/?page_id=7"},"modified":"2023-02-21T14:45:06","modified_gmt":"2023-02-21T13:45:06","slug":"accueil","status":"publish","type":"page","link":"http:\/\/etangducharme.com\/","title":{"rendered":"Accueil"},"content":{"rendered":"<p>Bienvenue sur le site de l&rsquo;\u00e9tang du charme !<\/p>\n<p>L&rsquo;\u00e9tang du charme est un \u00e9tang de p\u00eache \u00e0 la journ\u00e9e situ\u00e9 \u00e0 Villed\u00f4mer.<\/p>\n<p>Sur une superficie total de 3 hectares, nous vous proposons une journ\u00e9e agr\u00e9able et calme au bord de l&rsquo;eau.<\/p>\n<p>Nous proposons de la p\u00eache \u00e0 la truite en d\u00e9but de saison, vous pouvez en savoir plus sur la p\u00eache \u00e0 la truite en cliquant : <strong><a href=\"http:\/\/etangducharme.com\/?page_id=119\">ici<\/a><\/strong><\/p>\n<p>Le reste de la saison, l&rsquo;\u00e9tang est ouvert pour la p\u00eache \u00e0 la journ\u00e9e, rien de mieux que de venir passer un moment agr\u00e9able en famille !<br \/>\nPlus d&rsquo;informations sur la p\u00eache \u00e0 la journ\u00e9e :\u00a0<a href=\"http:\/\/etangducharme.com\/?page_id=57\"><strong>ici<\/strong><\/a><\/p>\n<p>Vous pouvez aussi retrouver notre contact \u00e0 chaque bas de page, mais si vous voulez un peu plus de d\u00e9tails, \u00e7a se passe :<strong>\u00a0<\/strong><strong><a href=\"http:\/\/etangducharme.com\/?page_id=9\">ici<\/a><br \/>\n<\/strong>Vous y trouverez aussi plus d&rsquo;informations sur notre g\u00e9olocalisation.<\/p>\n<p>N&rsquo;h\u00e9sitez pas \u00e0 prendre contact avec nous si vous avez d&rsquo;\u00e9ventuelles questions, nous vous souhaitons une agr\u00e9able visite sur notre site et esp\u00e9rons pouvoir vous faire passer un agr\u00e9able moment autour de notre \u00e9tang !<\/p>\n","protected":false},"excerpt":{"rendered":"<p>Bienvenue sur le site de l&rsquo;\u00e9tang du charme ! L&rsquo;\u00e9tang du charme est un \u00e9tang de p\u00eache \u00e0 la journ\u00e9e situ\u00e9 \u00e0 Villed\u00f4mer. Sur une superficie total de 3 hectares, nous vous proposons une journ\u00e9e agr\u00e9able et calme au bord de l&rsquo;eau. Nous proposons de la p\u00eache \u00e0 la truite en d\u00e9but de saison, vous &hellip; <\/p>\n<p class=\"link-more\"><a href=\"http:\/\/etangducharme.com\/\" class=\"more-link\">Continuer la lecture<span class=\"screen-reader-text\"> de &laquo;&nbsp;Accueil&nbsp;&raquo;<\/span><\/a><\/p>\n","protected":false},"author":1,"featured_media":0,"parent":0,"menu_order":1,"comment_status":"closed","ping_status":"closed","template":"","meta":[],"_links":{"self":[{"href":"http:\/\/etangducharme.com\/index.php?rest_route=\/wp\/v2\/pages\/7"}],"collection":[{"href":"http:\/\/etangducharme.com\/index.php?rest_route=\/wp\/v2\/pages"}],"about":[{"href":"http:\/\/etangducharme.com\/index.php?rest_route=\/wp\/v2\/types\/page"}],"author":[{"embeddable":true,"href":"http:\/\/etangducharme.com\/index.php?rest_route=\/wp\/v2\/users\/1"}],"replies":[{"embeddable":true,"href":"http:\/\/etangducharme.com\/index.php?rest_route=%2Fwp%2Fv2%2Fcomments&post=7"}],"version-history":[{"count":6,"href":"http:\/\/etangducharme.com\/index.php?rest_route=\/wp\/v2\/pages\/7\/revisions"}],"predecessor-version":[{"id":184,"href":"http:\/\/etangducharme.com\/index.php?rest_route=\/wp\/v2\/pages\/7\/revisions\/184"}],"wp:attachment":[{"href":"http:\/\/etangducharme.com\/index.php?rest_route=%2Fwp%2Fv2%2Fmedia&parent=7"}],"curies":[{"name":"wp","href":"https:\/\/api.w.org\/{rel}","templated":true}]}}