{"id":9,"date":"2017-12-07T16:57:36","date_gmt":"2017-12-07T15:57:36","guid":{"rendered":"http:\/\/etangducharme.com\/?page_id=9"},"modified":"2017-12-07T19:21:58","modified_gmt":"2017-12-07T18:21:58","slug":"contact","status":"publish","type":"page","link":"http:\/\/etangducharme.com\/?page_id=9","title":{"rendered":"Contact et Localisation"},"content":{"rendered":"<p>Notre \u00e9tang se situe sur la commune de Villed\u00f4mer, nous sommes \u00e0 20 km de Tours Nord.<br \/>\n<span style=\"font-size: 1rem;\">Nous sommes situ\u00e9s en bordure de la route D910, \u00e0 7 kms au nord de Monnaie, 10 kms au sud de Ch\u00e2teau-Renault.<br \/>\n<\/span><span style=\"font-size: 1rem;\">Vous pourrez trouver un plan : <a href=\"https:\/\/www.google.fr\/maps\/place\/Le+Charme,+37110+Villed%C3%B4mer\/@47.4972333,0.7453782,11.72z\/data=!4m5!3m4!1s0x47e33195028c7f59:0x7334ed5854e2174f!8m2!3d47.5417193!4d0.8462115?hl=fr\"><strong>ici<\/strong><\/a><\/span><\/p>\n<p>&nbsp;<\/p>\n","protected":false},"excerpt":{"rendered":"<p>Notre \u00e9tang se situe sur la commune de Villed\u00f4mer, nous sommes \u00e0 20 km de Tours Nord. Nous sommes situ\u00e9s en bordure de la route D910, \u00e0 7 kms au nord de Monnaie, 10 kms au sud de Ch\u00e2teau-Renault. Vous pourrez trouver un plan : ici &nbsp;<\/p>\n","protected":false},"author":1,"featured_media":0,"parent":0,"menu_order":4,"comment_status":"closed","ping_status":"closed","template":"","meta":[],"_links":{"self":[{"href":"http:\/\/etangducharme.com\/index.php?rest_route=\/wp\/v2\/pages\/9"}],"collection":[{"href":"http:\/\/etangducharme.com\/index.php?rest_route=\/wp\/v2\/pages"}],"about":[{"href":"http:\/\/etangducharme.com\/index.php?rest_route=\/wp\/v2\/types\/page"}],"author":[{"embeddable":true,"href":"http:\/\/etangducharme.com\/index.php?rest_route=\/wp\/v2\/users\/1"}],"replies":[{"embeddable":true,"href":"http:\/\/etangducharme.com\/index.php?rest_route=%2Fwp%2Fv2%2Fcomments&post=9"}],"version-history":[{"count":5,"href":"http:\/\/etangducharme.com\/index.php?rest_route=\/wp\/v2\/pages\/9\/revisions"}],"predecessor-version":[{"id":71,"href":"http:\/\/etangducharme.com\/index.php?rest_route=\/wp\/v2\/pages\/9\/revisions\/71"}],"wp:attachment":[{"href":"http:\/\/etangducharme.com\/index.php?rest_route=%2Fwp%2Fv2%2Fmedia&parent=9"}],"curies":[{"name":"wp","href":"https:\/\/api.w.org\/{rel}","templated":true}]}}